{"id":203,"date":"2015-12-28T13:51:43","date_gmt":"2015-12-28T12:51:43","guid":{"rendered":"https:\/\/www.er-sucht-ihn.de\/magazin\/?page_id=203"},"modified":"2024-10-28T11:35:23","modified_gmt":"2024-10-28T10:35:23","slug":"gaylocations-koeln","status":"publish","type":"page","link":"https:\/\/er-sucht-ihn.de\/magazin\/gaylocations-koeln\/","title":{"rendered":"Gay-Locations, Clubs und Bars in K\u00f6ln"},"content":{"rendered":"<h2>Schwulentreffs in K\u00f6ln<\/h2>\n<p><strong>Die Schwulenszene in K\u00f6ln<\/strong><\/p>\n<p>K\u00f6ln ist nach Berlin die Stadt mit der gr\u00f6\u00dften Schwulenszene in Deutschland. Hier findet jemand, der neu in K\u00f6ln ist, eine gro\u00dfe Zahl von Bars f\u00fcr Schwule und Clubs. Der Gay <a href=\"https:\/\/er-sucht-ihn.de\/magazin\/pride-month\/\">Pride<\/a> von K\u00f6ln ist der Stolz aller Schwulen in Europa. Die Schwulenszene ist grob in zwei Bereiche unterteilt, rund um den Rudolfplatz und nahe dem Heumarkt. Neben einer fantastischen Schwulenszene hat K\u00f6ln auch in den Bereichen Kultur, Geschichte und Shopping vieles zu bieten. Wer einen Club f\u00fcr Schwule sucht, wird in K\u00f6ln schnell f\u00fcndig.<\/p>\n<h2>Gay-Bars und Cafes<\/h2>\n<p>Eine kleine Auswahl von Schwulenbars und -caf\u00e9s und ihren Adressen<\/p>\n<ul>\n<li><strong>Das Amadeus<\/strong> (Vor Sankt Martin 8) serviert Kaffee, Geb\u00e4ck und Kuchen bis 14 Uhr. Es wartet mit einer Abendbar und einem Tanzclub auf.<\/li>\n<li><strong>Das Barcelon<\/strong> (Pipinstra\u00dfe 3) ist zugleich eine Schwulenbar und Kunstgalerie, die auf mediterrane Akzente setzt.<\/li>\n<li><strong>Die Baustelle 4U<\/strong> (Vor Sankt Martin 12) liegt direkt in der Innenstadt und der N\u00e4he vom Heumarkt. Hier kann man vorz\u00fcglich speisen und verbringt festliche N\u00e4chte auf der Terrasse. Sie bis 4 Uhr ge\u00f6ffnet.<\/li>\n<li><strong>Clip<\/strong> (Stephanstra\u00dfe 4, Altstadt) ist ein kleiner schwuler Tanzclub und bietet unter anderem Schaumpartys sowie Karaokewettbewerbe.<\/li>\n<li><strong>Der Club 21<\/strong> (Hohe Pforte 13-17) ist ein kleiner Schwulentreff mit Tanzclub. DJs spielen angesagte Musik bis 5 Uhr in den Morgen, zum Beispiel Pop, Dance und House.<\/li>\n<li>Der langj\u00e4hrig bestehende <strong>ExCorner<\/strong> (Schaafenstra\u00dfe 57-59) ist eine beliebte Schwulenbar in der Stadt. Es finden regelm\u00e4\u00dfig Pop- und Schlager-Partys statt, die sich haupts\u00e4chlich an Schwule in ihren 20ern und 30ern richtet. An Wochenenden ist sie durchgehend ge\u00f6ffnet.<\/li>\n<li><strong>Das Exile<\/strong> (Schaafenstra\u00dfe 61) ist eine moderne Gay-Bar und Lounge. Erfahrene DJs laden zum Tanz ein. Das Publikum besteht aus einem Mix von Schwulen, Lesben und Heteros.<\/li>\n<li><strong>Sanfte B\u00e4ren<\/strong> (Vor St.Martin 12 \/ Pipinstra\u00dfe 5) ist eine Partybar f\u00fcr B\u00e4ren. Sie lockt mit verschiedenen Themenabenden, Karaokewettbewerben und einer Bear Pride.<\/li>\n<\/ul>\n<h2>Zwei gayfreundliche Hotels in K\u00f6ln f\u00fcr die \u00dcbernachtung<\/h2>\n<p><strong>Lindner Hotel City Plaza<\/strong><\/p>\n<p>Das Lindner Hotel City Plaza ist eine exzellente Location im Zentrum von K\u00f6ln und nicht weit vom U-Bahnhof am Friesenplatz entfernt. Das Hotel bietet ger\u00e4umige Zimmer und umfangreiche Angebote, wie ein superbes Restaurant, sowie ein Wellnesscenter und ein Fitnessstudio. Vom Hotel aus ist es leicht, viele Sehensw\u00fcrdigkeiten von K\u00f6ln und die lokale Schwulenszene zu besuchen.<\/p>\n<p>Der K\u00f6lner Dom ist beispielsweise nur einen Kilometer vom Lindner Hotel City Plaza entfernt. In unmittelbarer N\u00e4he des Hotels befinden sich mehrere Schwulenclubs. Die Schwulenbars in der N\u00e4he des Rudolfplatzes sind nur eine U-Bahn-Station entfernt oder in 10 Minuten zu Fu\u00df erreichbar.<\/p>\n<p><strong>HOPPER Hotel St. Antonius<\/strong><\/p>\n<p>Das HOPPER Hotel St. Antonius ist ein stilvoll eingerichtetes Hotel und befindet sich in einem wundersch\u00f6nen historischen Geb\u00e4ude im Norden der K\u00f6lner Altstadt. Das Hotel ist g\u00fcnstig im Bezug auf \u00f6ffentlichen Verkehrsmittel gelegen, sodass Sie die Stadt leicht erkunden k\u00f6nnen. Der Friesenplatz ist nur drei Kilometer vom Hotel entfernt.<\/p>\n<p>Der Heumarkt ist in 20 Gehminuten zu erreichen mit einem sch\u00f6nen Spaziergang entlang des Rheins. Das Boutique-Hotel bietet Einzel- als auch Doppelzimmer, sowie einen Fitnessraum, kostenloses WIFI und einen Garten mit einer Terrasse. Die hervorragende Ausstattung und das freundliche Personal machen das HOPPER Hotel St. Antonius zu einer ausgezeichneten Wahl f\u00fcr den Aufenthalt in K\u00f6ln.<\/p>\n<h2>Weitere Adressen<\/h2>\n<p><strong>Maxbar<\/strong> Am Rinkenpfuhl 51 in 50676 K\u00f6ln<br \/>\nDie &#8220; MAXBAR &#8220; ist eine ehr kleine aber wirklich feine Gay Bar im Bermuda Dreieck.<br \/>\nVielleicht gibt es hier sogar die besten Cocktails der Stadt, auf jeden Fall kann man hier<br \/>\neinen Abend ganz entspannt ausklingen lassen.<\/p>\n<p><strong>Mumu<\/strong> Schaafenstr. 51 in 50676 K\u00f6ln<br \/>\nNette kleine Bar im Bermuda Dreieck.<br \/>\nVon 18 bis 60 findet man hier eigentlich alles was schwul ist.<\/p>\n<p><strong>Badehaus Babylon Cologne<\/strong> Friesenstr. 23-25 in 50670 K\u00f6ln<br \/>\nGro\u00dfe, sch\u00f6ne, sehr saubere und gepflegte Sauna!<br \/>\nDas Badehaus Babylon ist eine M\u00e4nner und Gay- Sauna.<\/p>\n<p><strong>Venue<\/strong> Hohestr. 14 in 50667 K\u00f6ln<br \/>\nDas Venue die Clubdisco im Herzen der K\u00f6lner Szene.<br \/>\nNetter kleiner Club typisch K\u00f6ln schwul und schrill.<\/p>\n<div class=\"place-desc-large\">\n<div class=\"address\"><strong>Ex-Corner <\/strong>Schaafenstra\u00dfe 57-59 in 50676 K\u00f6ln<\/div>\n<div class=\"address\">Das Corner ist eins der beliebtesten Absacker Pl\u00e4tzchen.<\/div>\n<div class=\"address\">Wenn nichts mehr auf hat, hier ist dann immer noch was los.<\/div>\n<\/div>\n","protected":false},"excerpt":{"rendered":"<p>Schwulentreffs in K\u00f6ln Die Schwulenszene in K\u00f6ln K\u00f6ln ist nach Berlin die Stadt mit der gr\u00f6\u00dften Schwulenszene in Deutschland. Hier<\/p>\n","protected":false},"author":1,"featured_media":782,"parent":0,"menu_order":0,"comment_status":"closed","ping_status":"closed","template":"","meta":{"ngg_post_thumbnail":0,"footnotes":""},"class_list":["post-203","page","type-page","status-publish","has-post-thumbnail","hentry","comments-off"],"aioseo_notices":[],"_links":{"self":[{"href":"https:\/\/er-sucht-ihn.de\/magazin\/wp-json\/wp\/v2\/pages\/203","targetHints":{"allow":["GET"]}}],"collection":[{"href":"https:\/\/er-sucht-ihn.de\/magazin\/wp-json\/wp\/v2\/pages"}],"about":[{"href":"https:\/\/er-sucht-ihn.de\/magazin\/wp-json\/wp\/v2\/types\/page"}],"author":[{"embeddable":true,"href":"https:\/\/er-sucht-ihn.de\/magazin\/wp-json\/wp\/v2\/users\/1"}],"replies":[{"embeddable":true,"href":"https:\/\/er-sucht-ihn.de\/magazin\/wp-json\/wp\/v2\/comments?post=203"}],"version-history":[{"count":5,"href":"https:\/\/er-sucht-ihn.de\/magazin\/wp-json\/wp\/v2\/pages\/203\/revisions"}],"predecessor-version":[{"id":1909,"href":"https:\/\/er-sucht-ihn.de\/magazin\/wp-json\/wp\/v2\/pages\/203\/revisions\/1909"}],"wp:featuredmedia":[{"embeddable":true,"href":"https:\/\/er-sucht-ihn.de\/magazin\/wp-json\/wp\/v2\/media\/782"}],"wp:attachment":[{"href":"https:\/\/er-sucht-ihn.de\/magazin\/wp-json\/wp\/v2\/media?parent=203"}],"curies":[{"name":"wp","href":"https:\/\/api.w.org\/{rel}","templated":true}]}}