{"id":207,"date":"2015-12-28T13:52:10","date_gmt":"2015-12-28T12:52:10","guid":{"rendered":"https:\/\/www.er-sucht-ihn.de\/magazin\/?page_id=207"},"modified":"2024-07-01T22:50:22","modified_gmt":"2024-07-01T20:50:22","slug":"gaylocations-berlin","status":"publish","type":"page","link":"https:\/\/er-sucht-ihn.de\/magazin\/gaylocations-berlin\/","title":{"rendered":"Berliner Gay-Locations, Clubs und Bars"},"content":{"rendered":"<h2>Als Gay in Berlin &#8211; Tipps f\u00fcr\u00b4s Ausgehen<\/h2>\n<p>Berlin, eine Stadt, die f\u00fcr ihre Offenheit und Vielfalt bekannt ist, bietet der LGBTQ+ Community eine reiche Auswahl an Ausgehm\u00f6glichkeiten. Ob du die pulsierenden N\u00e4chte oder die gem\u00fctlichen Nachmittage liebst, Berlin hat f\u00fcr jeden etwas zu bieten. In diesem Artikel entf\u00fchren wir dich in die besten Locations der Hauptstadt, in denen Gays unvergessliche Momente erleben k\u00f6nnen.Wer als Gay nach Berlin kommt und typisch Gay weggehen m\u00f6chte, der wird sich in der Hauptstadt sicher pudelwohl f\u00fchlen. Egal ob gem\u00fctliches Caf\u00e9 oder aber urige Kneipe sowie Szene Club, in Berlin wird jeder <a href=\"https:\/\/er-sucht-ihn.de\/gay.html\">Gay<\/a> die passende Locations finden.<\/p>\n<p>Zu erw\u00e4hnen sei vielleicht noch, dass die sogenannte Gay-Area sich in und um die Motzstra\u00dfe befindet. Hier findet im \u00dcbrigen auch j\u00e4hrlich in der <a href=\"https:\/\/er-sucht-ihn.de\/magazin\/pride-month\/\">Pride<\/a>-Week das Schwul und Lesbische Stadtfest statt, welches auch als Motzstra\u00dfenfest bekannt ist.<\/p>\n<p>Direkt am U-Bahnhof Nollendorfplatz wird man von den bunten Gay-Flaggen begr\u00fcsst und muss nur ein paar wenige Schritte gehen um auf viele Gay Locations zu treffen.<\/p>\n<p>Nun, nachfolgend ein paar Locations f\u00fcr <a href=\"https:\/\/er-sucht-ihn.de\/gay.html\">Gays<\/a>. Auch f\u00fcr alle die keine Berliner sind interessant.<\/p>\n<h2>Caf\u00e9s f\u00fcr Gays<\/h2>\n<p>Beginnen wir den Tag mit einem gem\u00fctlichen Besuch in einem der vielen charmanten Caf\u00e9s, die Berlin zu bieten hat. Diese Orte sind perfekt, um einen Kaffee zu genie\u00dfen, Freunde zu treffen oder einfach die Atmosph\u00e4re der Stadt aufzusaugen. Caf\u00e9s wie das &#8222;KaffeeKlatsch&#8220; in Prenzlauer Berg sind bekannt f\u00fcr ihre herzliche Atmosph\u00e4re und leckeren hausgemachten Kuchen. F\u00fcr diejenigen, die eine k\u00fcnstlerische Umgebung bevorzugen, bietet das &#8222;Caf\u00e9 Art&#8220; in Kreuzberg eine perfekte Mischung aus Kunstgalerie und Caf\u00e9, ideal f\u00fcr inspirierende Gespr\u00e4che und kreative K\u00f6pfe.<\/p>\n<p>Wer einfach nur einen Milchkaffee und ein St\u00fcck Kuchen genie\u00dfen m\u00f6chte, der kann dies unter anderem in folgenden Caf\u00e9s ungehemmt tun:<\/p>\n<h3>Romeo und Romeo:<\/h3>\n<p>Dies ist wohl das bekannteste und auch beliebteste Gay Caf\u00e9. Zu finden ist dies nat\u00fcrlich in der Gay-Area in Berlin Sch\u00f6neberg. Genauer gesagt in der Motzstra\u00dfe 20. Gesagt werden muss jedoch, dass dieses trendige Caf\u00e9 f\u00fcr Gays immer gut besucht ist. Na ja, zumindest kann man so bestimmt in Kontakt mit anderen Gays kommen.<\/p>\n<h3>Caf\u00e9 Berio:<\/h3>\n<p>Ebenso ein sehr beliebtes Caf\u00e9 f\u00fcr Gays ist das Caf\u00e9 Berio in der Maa\u00dfenstra\u00dfe 7. Erw\u00e4hnt werden kann die gro\u00dfe und gem\u00fctliche Terrasse, welche im Sommer ge\u00f6ffnet ist.<\/p>\n<p>Ansonsten gibt es etliche gay-freundliche Caf\u00e9s, jedoch nicht \u00fcberwiegend typische Gay Caf\u00e9s. Um ein paar zu nennen: BarbieBar am Mehringdamm 77, Schall und Rauch in der Gleisstra\u00dfe 23 sowie der S\u00fcdblock in der Admiralsfra\u00dfe 1.<\/p>\n<h2>Gay Bars in Berlin<\/h2>\n<p>Wenn die Sonne untergeht, erwacht Berlins Bar-Szene zum Leben. Die Stadt ist bekannt f\u00fcr ihre lebhaften und oft unkonventionellen Bars, die f\u00fcr jeden Geschmack etwas bieten. Die &#8222;Blue Boy Bar&#8220; in Sch\u00f6neberg ist ein Muss f\u00fcr alle, die eine Mischung aus Retro-Charme und modernem Flair suchen. Diese Bar ist besonders f\u00fcr ihre Drag-Shows und die freundliche Atmosph\u00e4re bekannt. Eine andere Empfehlung ist die &#8222;Queer Lounge&#8220; in Mitte, die durch ihre stilvolle Einrichtung und die fantastische Auswahl an Cocktails besticht. Hier treffen sich Menschen aus der ganzen Welt, um die Berliner Nacht in vollen Z\u00fcgen zu genie\u00dfen.<\/p>\n<p>Im Bezug auf Bars ist die Szene eher auf bestimmte Fetische ausgelegt.<\/p>\n<p>Beispielsweise <strong>die B\u00e4renh\u00f6hle<\/strong> in der Sch\u00f6nauer Allee 90. Diese Raucherfreundliche Gay Bar ist vor allem f\u00fcr sogenannte B\u00e4ren hervorragend geeignet.<\/p>\n<p>Wie bereits bei den Caf\u00e9s erw\u00e4hnt, ist die <strong>BarbieBar<\/strong> eine schrille Bar im Kreuzberg, welche vor allem f\u00fcr den Barbie Kronleuchter und ein sehr gemischtes Publikum (nicht nur Gay) bekannt ist.<\/p>\n<p>Das <strong>Ficken 3000<\/strong> in der Uranstra\u00dfe 70 hat im Keller einen Cruising Bereich und ist ansonsten gut besucht. Hier ist Rauchen erlaubt und hier legen bekannte DJs mehrmals die Woche auf.<\/p>\n<p>F\u00fcr das j\u00fcngere Publikum ist das <strong>Flax <\/strong>ideal. Dieses findet man in der Chodowieckstra\u00dfe 41.<\/p>\n<p>Dar\u00fcber hinaus gibt es noch die <strong>Dreizehn, Greifbar, Gro\u00dfe Freiheit 114, Blond, The Coven<\/strong> und viele weitere mehr.<\/p>\n<h2>Clubs f\u00fcr Gays<\/h2>\n<p>F\u00fcr alle Nachtschw\u00e4rmer bietet Berlin eine unvergleichliche Clubszene, die weltweit bekannt ist. Clubs wie das &#8222;Electric Unicorn&#8220; in Friedrichshain sind der perfekte Ort, um die Nacht durchzutanzen. Mit internationalen DJs und einer einzigartigen Lichtshow bietet dieser Club eine Erfahrung, die man so schnell nicht vergisst. Ein weiterer Hotspot ist das &#8222;Midnight Sun&#8220; in Neuk\u00f6lln, das f\u00fcr seine thematischen Partys und die inklusive Atmosph\u00e4re gesch\u00e4tzt wird. Egal, ob du auf House, Techno oder Pop stehst \u2013 hier findest du die perfekte Musik f\u00fcr eine durchtanzte Nacht.<\/p>\n<p>Die bekanntesten Gay-Diskotheken sind wohl das Schwuzz sowie die Busche. Das Schwul ist in der Rollbergstra\u00dfe 26 vorzufinden und ist relativ weitl\u00e4ufig. Hier kann man auf insgesamt 3 Floors zu angesagten Musik von bekannten Dragqueens feiern.<\/p>\n<p>Die Busche, welche sich am Warschauer Platz 18 befindet, ist ein Urgestein in der Gay-Club-Szene. Ehemals hie\u00df diese Haus B ist f\u00fcr seine ber\u00fchmt und ber\u00fcchtigte Partys bekannt. hier kann man auf zwei beziehungsweise teilweise drei relativ kleinen Floors gut feiern.<\/p>\n<p>Weitere angesagte Gay Diskotheken sind unter anderem die Connection Garage, Prinzknecht sowie der Boiler.<\/p>\n<h3>Besenkammer<\/h3>\n<p>Jeder Gay aus Berlin beziehungsweise welcher Berlin besucht muss einmal in die Besenkammer. Diese Mini-Kneipe befindet sich auf der Rathausstra\u00dfe 1, in direkter N\u00e4he zum Bahnhof Alexanderplatz. Das Publikum ist gemischt und vor allem die 24 Stunden \u00d6ffnungszeit ist ideal f\u00fcr einen Absacker.<\/p>\n<hr>\n<h2>Weitere Locations<\/h2>\n<p><strong>Rauschgold<\/strong><br \/>\nMehringdamm 62 in 10961 Berlin<br \/>\nIm Rauschgold erlebt man lustige und spannende Abende.<br \/>\nHier gibt es abgedrehte Parties und phantastische Auftritte!<br \/>\nDas Rauschgold ist immer einen Besuch wert und auch Heteros sind hier gerne gesehen.<\/p>\n<h3>Himmelreich<\/h3>\n<p>Simon-Dach-Stra\u00dfe 36 in 10245 Berlin<br \/>\nUrgem\u00fctliche Bar im Wohnzimmerstyle der 70er Jahre eingerichtet.<br \/>\nSympathischer und angenehm mit gemischtem d. h. hetero \/ lesbisch \/ schwules und<br \/>\ndank der Lage im Simon Dach Kiez einheimisches sowie touristisches Publikum.<\/p>\n<h3>M\u00f6bel Olfe<\/h3>\n<p>Reichenberger Str. 177 in 10999 Berlin<br \/>\nDas M\u00f6bel Olfe ist eine nette Bar in Berlin Kreuzberg.<br \/>\nDie Atmosph\u00e4ere im M\u00f6bel Olfe ist sehr locker und ungezwungen.<\/p>\n<h3>B\u00e4renh\u00f6hle<\/h3>\n<p>Sch\u00f6nhauser Allee 90 in 10439 Berlin<br \/>\nDie B\u00e4renh\u00f6hle ist ein ganz besonderer Ort. Hier wird man schnell heimisch.<\/p>\n<h3>Betty F***<\/h3>\n<p>Mulackstra\u00dfe 13 in 10119 Berlin<br \/>\nEin kleiner und uriger Keller-Laden und etwas versteckt.<br \/>\nDas Betty F ist eine gem\u00fctliche schwulen Bar.<\/p>\n<hr>\n<h2>Flirten in Berlin: Tipps f\u00fcr den ersten Schritt<\/h2>\n<p>Berlin ist nicht nur ein Paradies zum Feiern, sondern auch ein gro\u00dfartiger Ort, um neue Leute kennenzulernen und zu flirten. Ein guter Tipp ist, authentisch und selbstbewusst aufzutreten. Die Berliner sch\u00e4tzen Ehrlichkeit und Direktheit. Beginne das Gespr\u00e4ch mit einem interessanten Kompliment oder einer offenen Frage \u2013 das zeigt Interesse und ist ein guter Eisbrecher. <\/p>\n<p>Beliebte Orte zum Flirten sind neben Bars und Clubs auch Parks wie der Tiergarten oder kulturelle Events. Au\u00dferdem bietet Berlin viele LGBTQ+ Speed-Dating-Veranstaltungen und thematische Partys, die eine entspannte Atmosph\u00e4re f\u00fcr das Kennenlernen neuer Leute schaffen. Wichtig ist, den Moment zu genie\u00dfen und offen f\u00fcr neue Begegnungen zu sein.<\/p>\n<h2>Themen f\u00fcr das erste Gespr\u00e4ch: Interessante Einstiege<\/h2>\n<p>Das erste Gespr\u00e4ch kann manchmal eine Herausforderung sein, aber mit den richtigen Themen kannst du schnell eine Verbindung herstellen. In Berlin sind kulturelle Themen immer ein guter Einstieg. Frage dein Gegen\u00fcber nach seinen Lieblingsorten in der Stadt oder ob er\/sie spannende Events wie die Berlinale oder die Christopher Street Day Parade besucht hat. <\/p>\n<p>Musik ist ein weiteres gro\u00dfartiges Thema \u2013 erkundige dich nach Lieblingsbands oder k\u00fcrzlich besuchten Konzerten. Auch Reisen ist ein faszinierendes Gespr\u00e4chsthema; viele Berliner sind Weltenbummler und teilen gerne ihre Erfahrungen und Tipps. Zuletzt, vergiss nicht \u00fcber pers\u00f6nliche Interessen zu sprechen \u2013 ob B\u00fccher, Sport, Kunst oder kulinarische Vorlieben, das zeigt echtes Interesse und er\u00f6ffnet viele weitere Gespr\u00e4chsm\u00f6glichkeiten.<\/p>\n<h2>Fazit<\/h2>\n<p>Berlin ist eine Stadt, die niemals schl\u00e4ft und f\u00fcr jeden etwas bietet. Ob du neue Leute kennenlernen, mit Freunden feiern oder einfach nur entspannen m\u00f6chtest \u2013 die Hauptstadt Deutschlands ist der ideale Ort f\u00fcr unvergessliche Erlebnisse. Die Stadt bietet eine au\u00dfergew\u00f6hnliche Vielfalt an Locations, die jeden Besuch unvergesslich machen. Egal, ob du auf der Suche nach einem gem\u00fctlichen Caf\u00e9, einer aufregenden Bar oder einem pulsierenden Club bist \u2013 in Berlin wirst du sicherlich f\u00fcndig.<\/p>\n","protected":false},"excerpt":{"rendered":"<p>Als Gay in Berlin &#8211; Tipps f\u00fcr\u00b4s Ausgehen Berlin, eine Stadt, die f\u00fcr ihre Offenheit und Vielfalt bekannt ist, bietet<\/p>\n","protected":false},"author":1,"featured_media":1250,"parent":0,"menu_order":0,"comment_status":"closed","ping_status":"closed","template":"","meta":{"ngg_post_thumbnail":0,"footnotes":""},"class_list":["post-207","page","type-page","status-publish","has-post-thumbnail","hentry","comments-off"],"aioseo_notices":[],"_links":{"self":[{"href":"https:\/\/er-sucht-ihn.de\/magazin\/wp-json\/wp\/v2\/pages\/207","targetHints":{"allow":["GET"]}}],"collection":[{"href":"https:\/\/er-sucht-ihn.de\/magazin\/wp-json\/wp\/v2\/pages"}],"about":[{"href":"https:\/\/er-sucht-ihn.de\/magazin\/wp-json\/wp\/v2\/types\/page"}],"author":[{"embeddable":true,"href":"https:\/\/er-sucht-ihn.de\/magazin\/wp-json\/wp\/v2\/users\/1"}],"replies":[{"embeddable":true,"href":"https:\/\/er-sucht-ihn.de\/magazin\/wp-json\/wp\/v2\/comments?post=207"}],"version-history":[{"count":5,"href":"https:\/\/er-sucht-ihn.de\/magazin\/wp-json\/wp\/v2\/pages\/207\/revisions"}],"predecessor-version":[{"id":1901,"href":"https:\/\/er-sucht-ihn.de\/magazin\/wp-json\/wp\/v2\/pages\/207\/revisions\/1901"}],"wp:featuredmedia":[{"embeddable":true,"href":"https:\/\/er-sucht-ihn.de\/magazin\/wp-json\/wp\/v2\/media\/1250"}],"wp:attachment":[{"href":"https:\/\/er-sucht-ihn.de\/magazin\/wp-json\/wp\/v2\/media?parent=207"}],"curies":[{"name":"wp","href":"https:\/\/api.w.org\/{rel}","templated":true}]}}